{"id":12255,"date":"2021-06-19T01:24:46","date_gmt":"2021-06-19T01:24:46","guid":{"rendered":"https:\/\/projetohost.com\/refrigeracao\/?page_id=12255"},"modified":"2021-07-28T21:33:23","modified_gmt":"2021-07-29T00:33:23","slug":"novos-e-seminovos","status":"publish","type":"page","link":"https:\/\/refrigeracaocarioca.com.br\/?page_id=12255","title":{"rendered":"Novos e Seminovos"},"content":{"rendered":"\t\t<div data-elementor-type=\"wp-page\" data-elementor-id=\"12255\" class=\"elementor elementor-12255\">\n\t\t\t\t\t\t<section class=\"elementor-section elementor-top-section elementor-element elementor-element-99db93e elementor-section-content-middle elementor-section-full_width elementor-section-stretched elementor-section-height-default elementor-section-height-default\" data-id=\"99db93e\" data-element_type=\"section\" data-settings=\"{&quot;background_background&quot;:&quot;classic&quot;,&quot;stretch_section&quot;:&quot;section-stretched&quot;}\">\n\t\t\t\t\t\t\t<div class=\"elementor-background-overlay\"><\/div>\n\t\t\t\t\t\t\t<div class=\"elementor-container elementor-column-gap-default\">\n\t\t\t\t\t<div class=\"elementor-column elementor-col-100 elementor-top-column elementor-element elementor-element-7fe461f3\" data-id=\"7fe461f3\" data-element_type=\"column\">\n\t\t\t<div class=\"elementor-widget-wrap elementor-element-populated\">\n\t\t\t\t\t\t<div class=\"elementor-element elementor-element-2fe62076 elementor-widget elementor-widget-heading\" data-id=\"2fe62076\" data-element_type=\"widget\" data-widget_type=\"heading.default\">\n\t\t\t\t<div class=\"elementor-widget-container\">\n\t\t\t\t\t<h2 class=\"elementor-heading-title elementor-size-default\">Ar Condicionado Novo e seminovo<\/h2>\t\t\t\t<\/div>\n\t\t\t\t<\/div>\n\t\t\t\t\t<\/div>\n\t\t<\/div>\n\t\t\t\t\t<\/div>\n\t\t<\/section>\n\t\t\t\t<section class=\"elementor-section elementor-top-section elementor-element elementor-element-634c9398 elementor-section-full_width elementor-section-height-default elementor-section-height-default\" data-id=\"634c9398\" data-element_type=\"section\">\n\t\t\t\t\t\t<div class=\"elementor-container elementor-column-gap-default\">\n\t\t\t\t\t<div class=\"elementor-column elementor-col-100 elementor-top-column elementor-element elementor-element-fdc7bd3\" data-id=\"fdc7bd3\" data-element_type=\"column\">\n\t\t\t<div class=\"elementor-widget-wrap elementor-element-populated\">\n\t\t\t\t\t\t<div class=\"elementor-element elementor-element-3288dac2 elementor-widget elementor-widget-text-editor\" data-id=\"3288dac2\" data-element_type=\"widget\" data-widget_type=\"text-editor.default\">\n\t\t\t\t<div class=\"elementor-widget-container\">\n\t\t\t\t\t\t\t\t\t<p style=\"text-align: center;\">Procurando um ar condicionado novo ou seminovo para comprar?<\/p><p>Compre conosco e j\u00e1 garanta sua instala\u00e7\u00e3o! Trabalhamos apenas com as melhores marcas de aparelhos com garantia! Conte com nossa equipe certificada para fazer sua instala\u00e7\u00e3o e aproveite os benef\u00edcios de seu ar condicionado.<\/p>\t\t\t\t\t\t\t\t<\/div>\n\t\t\t\t<\/div>\n\t\t\t\t\t<\/div>\n\t\t<\/div>\n\t\t\t\t\t<\/div>\n\t\t<\/section>\n\t\t\t\t<section class=\"elementor-section elementor-top-section elementor-element elementor-element-617bfdc4 elementor-section-full_width elementor-section-stretched elementor-section-height-default elementor-section-height-default\" data-id=\"617bfdc4\" data-element_type=\"section\" data-settings=\"{&quot;stretch_section&quot;:&quot;section-stretched&quot;,&quot;background_background&quot;:&quot;classic&quot;}\">\n\t\t\t\t\t\t<div class=\"elementor-container elementor-column-gap-default\">\n\t\t\t\t\t<div class=\"elementor-column elementor-col-50 elementor-top-column elementor-element elementor-element-1373a1d2 elementor-invisible\" data-id=\"1373a1d2\" data-element_type=\"column\" data-settings=\"{&quot;animation&quot;:&quot;fadeInLeft&quot;}\">\n\t\t\t<div class=\"elementor-widget-wrap elementor-element-populated\">\n\t\t\t\t\t\t<div class=\"elementor-element elementor-element-3733d194 elementor-widget elementor-widget-heading\" data-id=\"3733d194\" data-element_type=\"widget\" data-widget_type=\"heading.default\">\n\t\t\t\t<div class=\"elementor-widget-container\">\n\t\t\t\t\t<h2 class=\"elementor-heading-title elementor-size-default\">Nos chame via Whatsapp!<\/h2>\t\t\t\t<\/div>\n\t\t\t\t<\/div>\n\t\t\t\t\t<\/div>\n\t\t<\/div>\n\t\t\t\t<div class=\"elementor-column elementor-col-50 elementor-top-column elementor-element elementor-element-96c2658 elementor-invisible\" data-id=\"96c2658\" data-element_type=\"column\" data-settings=\"{&quot;animation&quot;:&quot;fadeInRight&quot;}\">\n\t\t\t<div class=\"elementor-widget-wrap elementor-element-populated\">\n\t\t\t\t\t\t<div class=\"elementor-element elementor-element-4e6db93d elementor-align-center elementor-widget elementor-widget-button\" data-id=\"4e6db93d\" data-element_type=\"widget\" data-widget_type=\"button.default\">\n\t\t\t\t<div class=\"elementor-widget-container\">\n\t\t\t\t\t\t\t\t\t<div class=\"elementor-button-wrapper\">\n\t\t\t\t\t<a class=\"elementor-button elementor-button-link elementor-size-md elementor-animation-grow\" href=\"#\">\n\t\t\t\t\t\t<span class=\"elementor-button-content-wrapper\">\n\t\t\t\t\t\t<span class=\"elementor-button-icon\">\n\t\t\t\t<i aria-hidden=\"true\" class=\"fab fa-whatsapp\"><\/i>\t\t\t<\/span>\n\t\t\t\t\t\t\t\t\t<span class=\"elementor-button-text\">Clique aqui! <\/span>\n\t\t\t\t\t<\/span>\n\t\t\t\t\t<\/a>\n\t\t\t\t<\/div>\n\t\t\t\t\t\t\t\t<\/div>\n\t\t\t\t<\/div>\n\t\t\t\t\t<\/div>\n\t\t<\/div>\n\t\t\t\t\t<\/div>\n\t\t<\/section>\n\t\t\t\t<\/div>\n\t\t","protected":false},"excerpt":{"rendered":"<p>Ar Condicionado Novo e seminovo Procurando um ar condicionado novo&hellip;<\/p>\n<p> <a class=\"more-link\" href=\"https:\/\/refrigeracaocarioca.com.br\/?page_id=12255\">Leia mais<\/a><\/p>\n","protected":false},"author":1,"featured_media":0,"parent":0,"menu_order":0,"comment_status":"closed","ping_status":"closed","template":"","meta":{"footnotes":""},"class_list":["post-12255","page","type-page","status-publish"],"_links":{"self":[{"href":"https:\/\/refrigeracaocarioca.com.br\/index.php?rest_route=\/wp\/v2\/pages\/12255","targetHints":{"allow":["GET"]}}],"collection":[{"href":"https:\/\/refrigeracaocarioca.com.br\/index.php?rest_route=\/wp\/v2\/pages"}],"about":[{"href":"https:\/\/refrigeracaocarioca.com.br\/index.php?rest_route=\/wp\/v2\/types\/page"}],"author":[{"embeddable":true,"href":"https:\/\/refrigeracaocarioca.com.br\/index.php?rest_route=\/wp\/v2\/users\/1"}],"replies":[{"embeddable":true,"href":"https:\/\/refrigeracaocarioca.com.br\/index.php?rest_route=%2Fwp%2Fv2%2Fcomments&post=12255"}],"version-history":[{"count":3,"href":"https:\/\/refrigeracaocarioca.com.br\/index.php?rest_route=\/wp\/v2\/pages\/12255\/revisions"}],"predecessor-version":[{"id":12317,"href":"https:\/\/refrigeracaocarioca.com.br\/index.php?rest_route=\/wp\/v2\/pages\/12255\/revisions\/12317"}],"wp:attachment":[{"href":"https:\/\/refrigeracaocarioca.com.br\/index.php?rest_route=%2Fwp%2Fv2%2Fmedia&parent=12255"}],"curies":[{"name":"wp","href":"https:\/\/api.w.org\/{rel}","templated":true}]}}